{"id":13,"date":"2024-09-23T18:46:16","date_gmt":"2024-09-23T18:46:16","guid":{"rendered":"http:\/\/www.atakakademi.com.tr\/?page_id=13"},"modified":"2024-10-14T22:19:47","modified_gmt":"2024-10-14T22:19:47","slug":"iletisim","status":"publish","type":"page","link":"https:\/\/www.atakakademi.com.tr\/index.php\/iletisim\/","title":{"rendered":"\u0130leti\u015fim"},"content":{"rendered":"\n<p>\u00d6zel Akyaz\u0131 Atak Sosyal Etkinlik ve Geli\u015fim Merkezi<\/p>\n\n\n\n<p>Konuralp Mahallesi, Yuvalak Caddesi, Topal \u0130\u015f Merkezi, \u0130\u00e7 Kap\u0131 No:2 (Yeni Cami Arkas\u0131, B\u0130M \u00fcst\u00fc)<\/p>\n\n\n\n<p>Akyaz\u0131\/SAKARYA<\/p>\n\n\n\n<p>Telefon: 05521802825<\/p>\n\n\n\n<p>bilgi@atakakademi.com.tr<\/p>\n\n\n\n<p><\/p>\n","protected":false},"excerpt":{"rendered":"<p>\u00d6zel Akyaz\u0131 Atak Sosyal Etkinlik ve Geli\u015fim Merkezi Konuralp Mahallesi, Yuvalak Caddesi, Topal \u0130\u015f Merkezi, \u0130\u00e7 Kap\u0131 No:2 (Yeni Cami &hellip; <\/p>\n","protected":false},"author":1,"featured_media":0,"parent":0,"menu_order":0,"comment_status":"closed","ping_status":"closed","template":"","meta":{"footnotes":""},"class_list":["post-13","page","type-page","status-publish","hentry"],"yoast_head":"<!-- This site is optimized with the Yoast SEO plugin v25.6 - https:\/\/yoast.com\/wordpress\/plugins\/seo\/ -->\n<title>\u0130leti\u015fim - Atak Akademi<\/title>\n<meta name=\"robots\" content=\"index, follow, max-snippet:-1, max-image-preview:large, max-video-preview:-1\" \/>\n<link rel=\"canonical\" href=\"https:\/\/www.atakakademi.com.tr\/index.php\/iletisim\/\" \/>\n<meta property=\"og:locale\" content=\"tr_TR\" \/>\n<meta property=\"og:type\" content=\"article\" \/>\n<meta property=\"og:title\" content=\"\u0130leti\u015fim - Atak Akademi\" \/>\n<meta property=\"og:description\" content=\"\u00d6zel Akyaz\u0131 Atak Sosyal Etkinlik ve Geli\u015fim Merkezi Konuralp Mahallesi, Yuvalak Caddesi, Topal \u0130\u015f Merkezi, \u0130\u00e7 Kap\u0131 No:2 (Yeni Cami &hellip;\" \/>\n<meta property=\"og:url\" content=\"https:\/\/www.atakakademi.com.tr\/index.php\/iletisim\/\" \/>\n<meta property=\"og:site_name\" content=\"Atak Akademi\" \/>\n<meta property=\"article:modified_time\" content=\"2024-10-14T22:19:47+00:00\" \/>\n<meta name=\"twitter:card\" content=\"summary_large_image\" \/>\n<meta name=\"twitter:label1\" content=\"Tahmini okuma s\u00fcresi\" \/>\n\t<meta name=\"twitter:data1\" content=\"1 dakika\" \/>\n<script type=\"application\/ld+json\" class=\"yoast-schema-graph\">{\"@context\":\"https:\/\/schema.org\",\"@graph\":[{\"@type\":\"WebPage\",\"@id\":\"https:\/\/www.atakakademi.com.tr\/index.php\/iletisim\/\",\"url\":\"https:\/\/www.atakakademi.com.tr\/index.php\/iletisim\/\",\"name\":\"\u0130leti\u015fim - Atak Akademi\",\"isPartOf\":{\"@id\":\"https:\/\/www.atakakademi.com.tr\/#website\"},\"datePublished\":\"2024-09-23T18:46:16+00:00\",\"dateModified\":\"2024-10-14T22:19:47+00:00\",\"breadcrumb\":{\"@id\":\"https:\/\/www.atakakademi.com.tr\/index.php\/iletisim\/#breadcrumb\"},\"inLanguage\":\"tr\",\"potentialAction\":[{\"@type\":\"ReadAction\",\"target\":[\"https:\/\/www.atakakademi.com.tr\/index.php\/iletisim\/\"]}]},{\"@type\":\"BreadcrumbList\",\"@id\":\"https:\/\/www.atakakademi.com.tr\/index.php\/iletisim\/#breadcrumb\",\"itemListElement\":[{\"@type\":\"ListItem\",\"position\":1,\"name\":\"Anasayfa\",\"item\":\"https:\/\/www.atakakademi.com.tr\/\"},{\"@type\":\"ListItem\",\"position\":2,\"name\":\"\u0130leti\u015fim\"}]},{\"@type\":\"WebSite\",\"@id\":\"https:\/\/www.atakakademi.com.tr\/#website\",\"url\":\"https:\/\/www.atakakademi.com.tr\/\",\"name\":\"Atak Akademi\",\"description\":\"Mutlu &Ccedil;ocuklar Mutlu Gelecek\",\"publisher\":{\"@id\":\"https:\/\/www.atakakademi.com.tr\/#organization\"},\"potentialAction\":[{\"@type\":\"SearchAction\",\"target\":{\"@type\":\"EntryPoint\",\"urlTemplate\":\"https:\/\/www.atakakademi.com.tr\/?s={search_term_string}\"},\"query-input\":{\"@type\":\"PropertyValueSpecification\",\"valueRequired\":true,\"valueName\":\"search_term_string\"}}],\"inLanguage\":\"tr\"},{\"@type\":\"Organization\",\"@id\":\"https:\/\/www.atakakademi.com.tr\/#organization\",\"name\":\"Atak Akademi\",\"url\":\"https:\/\/www.atakakademi.com.tr\/\",\"logo\":{\"@type\":\"ImageObject\",\"inLanguage\":\"tr\",\"@id\":\"https:\/\/www.atakakademi.com.tr\/#\/schema\/logo\/image\/\",\"url\":\"https:\/\/www.atakakademi.com.tr\/wp-content\/uploads\/2024\/10\/cropped-atak-logo.jpg\",\"contentUrl\":\"https:\/\/www.atakakademi.com.tr\/wp-content\/uploads\/2024\/10\/cropped-atak-logo.jpg\",\"width\":215,\"height\":153,\"caption\":\"Atak Akademi\"},\"image\":{\"@id\":\"https:\/\/www.atakakademi.com.tr\/#\/schema\/logo\/image\/\"}}]}<\/script>\n<!-- \/ Yoast SEO plugin. -->","yoast_head_json":{"title":"\u0130leti\u015fim - Atak Akademi","robots":{"index":"index","follow":"follow","max-snippet":"max-snippet:-1","max-image-preview":"max-image-preview:large","max-video-preview":"max-video-preview:-1"},"canonical":"https:\/\/www.atakakademi.com.tr\/index.php\/iletisim\/","og_locale":"tr_TR","og_type":"article","og_title":"\u0130leti\u015fim - Atak Akademi","og_description":"\u00d6zel Akyaz\u0131 Atak Sosyal Etkinlik ve Geli\u015fim Merkezi Konuralp Mahallesi, Yuvalak Caddesi, Topal \u0130\u015f Merkezi, \u0130\u00e7 Kap\u0131 No:2 (Yeni Cami &hellip;","og_url":"https:\/\/www.atakakademi.com.tr\/index.php\/iletisim\/","og_site_name":"Atak Akademi","article_modified_time":"2024-10-14T22:19:47+00:00","twitter_card":"summary_large_image","twitter_misc":{"Tahmini okuma s\u00fcresi":"1 dakika"},"schema":{"@context":"https:\/\/schema.org","@graph":[{"@type":"WebPage","@id":"https:\/\/www.atakakademi.com.tr\/index.php\/iletisim\/","url":"https:\/\/www.atakakademi.com.tr\/index.php\/iletisim\/","name":"\u0130leti\u015fim - Atak Akademi","isPartOf":{"@id":"https:\/\/www.atakakademi.com.tr\/#website"},"datePublished":"2024-09-23T18:46:16+00:00","dateModified":"2024-10-14T22:19:47+00:00","breadcrumb":{"@id":"https:\/\/www.atakakademi.com.tr\/index.php\/iletisim\/#breadcrumb"},"inLanguage":"tr","potentialAction":[{"@type":"ReadAction","target":["https:\/\/www.atakakademi.com.tr\/index.php\/iletisim\/"]}]},{"@type":"BreadcrumbList","@id":"https:\/\/www.atakakademi.com.tr\/index.php\/iletisim\/#breadcrumb","itemListElement":[{"@type":"ListItem","position":1,"name":"Anasayfa","item":"https:\/\/www.atakakademi.com.tr\/"},{"@type":"ListItem","position":2,"name":"\u0130leti\u015fim"}]},{"@type":"WebSite","@id":"https:\/\/www.atakakademi.com.tr\/#website","url":"https:\/\/www.atakakademi.com.tr\/","name":"Atak Akademi","description":"Mutlu &Ccedil;ocuklar Mutlu Gelecek","publisher":{"@id":"https:\/\/www.atakakademi.com.tr\/#organization"},"potentialAction":[{"@type":"SearchAction","target":{"@type":"EntryPoint","urlTemplate":"https:\/\/www.atakakademi.com.tr\/?s={search_term_string}"},"query-input":{"@type":"PropertyValueSpecification","valueRequired":true,"valueName":"search_term_string"}}],"inLanguage":"tr"},{"@type":"Organization","@id":"https:\/\/www.atakakademi.com.tr\/#organization","name":"Atak Akademi","url":"https:\/\/www.atakakademi.com.tr\/","logo":{"@type":"ImageObject","inLanguage":"tr","@id":"https:\/\/www.atakakademi.com.tr\/#\/schema\/logo\/image\/","url":"https:\/\/www.atakakademi.com.tr\/wp-content\/uploads\/2024\/10\/cropped-atak-logo.jpg","contentUrl":"https:\/\/www.atakakademi.com.tr\/wp-content\/uploads\/2024\/10\/cropped-atak-logo.jpg","width":215,"height":153,"caption":"Atak Akademi"},"image":{"@id":"https:\/\/www.atakakademi.com.tr\/#\/schema\/logo\/image\/"}}]}},"_links":{"self":[{"href":"https:\/\/www.atakakademi.com.tr\/index.php\/wp-json\/wp\/v2\/pages\/13"}],"collection":[{"href":"https:\/\/www.atakakademi.com.tr\/index.php\/wp-json\/wp\/v2\/pages"}],"about":[{"href":"https:\/\/www.atakakademi.com.tr\/index.php\/wp-json\/wp\/v2\/types\/page"}],"author":[{"embeddable":true,"href":"https:\/\/www.atakakademi.com.tr\/index.php\/wp-json\/wp\/v2\/users\/1"}],"replies":[{"embeddable":true,"href":"https:\/\/www.atakakademi.com.tr\/index.php\/wp-json\/wp\/v2\/comments?post=13"}],"version-history":[{"count":4,"href":"https:\/\/www.atakakademi.com.tr\/index.php\/wp-json\/wp\/v2\/pages\/13\/revisions"}],"predecessor-version":[{"id":163,"href":"https:\/\/www.atakakademi.com.tr\/index.php\/wp-json\/wp\/v2\/pages\/13\/revisions\/163"}],"wp:attachment":[{"href":"https:\/\/www.atakakademi.com.tr\/index.php\/wp-json\/wp\/v2\/media?parent=13"}],"curies":[{"name":"wp","href":"https:\/\/api.w.org\/{rel}","templated":true}]}}