{"id":133,"date":"2024-10-14T21:05:13","date_gmt":"2024-10-14T21:05:13","guid":{"rendered":"http:\/\/www.atakakademi.com.tr\/?page_id=133"},"modified":"2024-10-14T21:52:44","modified_gmt":"2024-10-14T21:52:44","slug":"robotik-kodlama","status":"publish","type":"page","link":"https:\/\/www.atakakademi.com.tr\/index.php\/robotik-kodlama\/","title":{"rendered":"Robotik Kodlama"},"content":{"rendered":"\n<p>Robotik kodlama at\u00f6lyesi,\u00a0\u00e7al\u0131\u015f\u0131r robot tasar\u0131mlar\u0131 i\u00e7in mant\u0131ksal d\u00fc\u015f\u00fcnme becerilerini harekete ge\u00e7irmekte ve analitik d\u00fc\u015f\u00fcnme becerilerinin kullan\u0131lmas\u0131na zemin haz\u0131rlamaktad\u0131r. Ayr\u0131ca y\u00f6n, koordinat, fiziksel b\u00fcy\u00fckl\u00fckleri edinme gibi \u00f6zellikleriyle de harika bir e\u011fitim f\u0131rsat\u0131 sunmaktad\u0131r.<\/p>\n\n\n\n<figure class=\"wp-block-image size-large\"><img loading=\"lazy\" decoding=\"async\" width=\"1024\" height=\"681\" src=\"https:\/\/www.atakakademi.com.tr\/wp-content\/uploads\/2024\/10\/lego2-1024x681.jpg\" alt=\"\" class=\"wp-image-152\" style=\"aspect-ratio:3\/2;object-fit:cover\" srcset=\"https:\/\/www.atakakademi.com.tr\/wp-content\/uploads\/2024\/10\/lego2-1024x681.jpg 1024w, https:\/\/www.atakakademi.com.tr\/wp-content\/uploads\/2024\/10\/lego2-300x200.jpg 300w, https:\/\/www.atakakademi.com.tr\/wp-content\/uploads\/2024\/10\/lego2-768x511.jpg 768w, https:\/\/www.atakakademi.com.tr\/wp-content\/uploads\/2024\/10\/lego2.jpg 1200w\" sizes=\"(max-width: 1024px) 100vw, 1024px\" \/><\/figure>\n","protected":false},"excerpt":{"rendered":"<p>Robotik kodlama at\u00f6lyesi,\u00a0\u00e7al\u0131\u015f\u0131r robot tasar\u0131mlar\u0131 i\u00e7in mant\u0131ksal d\u00fc\u015f\u00fcnme becerilerini harekete ge\u00e7irmekte ve analitik d\u00fc\u015f\u00fcnme becerilerinin kullan\u0131lmas\u0131na zemin haz\u0131rlamaktad\u0131r. Ayr\u0131ca y\u00f6n, &hellip; <\/p>\n","protected":false},"author":1,"featured_media":151,"parent":0,"menu_order":0,"comment_status":"closed","ping_status":"closed","template":"","meta":{"footnotes":""},"class_list":["post-133","page","type-page","status-publish","has-post-thumbnail","hentry"],"yoast_head":"<!-- This site is optimized with the Yoast SEO plugin v25.6 - https:\/\/yoast.com\/wordpress\/plugins\/seo\/ -->\n<title>Robotik Kodlama - Atak Akademi<\/title>\n<meta name=\"robots\" content=\"index, follow, max-snippet:-1, max-image-preview:large, max-video-preview:-1\" \/>\n<link rel=\"canonical\" href=\"https:\/\/www.atakakademi.com.tr\/index.php\/robotik-kodlama\/\" \/>\n<meta property=\"og:locale\" content=\"tr_TR\" \/>\n<meta property=\"og:type\" content=\"article\" \/>\n<meta property=\"og:title\" content=\"Robotik Kodlama - Atak Akademi\" \/>\n<meta property=\"og:description\" content=\"Robotik kodlama at\u00f6lyesi,\u00a0\u00e7al\u0131\u015f\u0131r robot tasar\u0131mlar\u0131 i\u00e7in mant\u0131ksal d\u00fc\u015f\u00fcnme becerilerini harekete ge\u00e7irmekte ve analitik d\u00fc\u015f\u00fcnme becerilerinin kullan\u0131lmas\u0131na zemin haz\u0131rlamaktad\u0131r. Ayr\u0131ca y\u00f6n, &hellip;\" \/>\n<meta property=\"og:url\" content=\"https:\/\/www.atakakademi.com.tr\/index.php\/robotik-kodlama\/\" \/>\n<meta property=\"og:site_name\" content=\"Atak Akademi\" \/>\n<meta property=\"article:modified_time\" content=\"2024-10-14T21:52:44+00:00\" \/>\n<meta property=\"og:image\" content=\"https:\/\/www.atakakademi.com.tr\/wp-content\/uploads\/2024\/10\/legospike.png\" \/>\n\t<meta property=\"og:image:width\" content=\"1800\" \/>\n\t<meta property=\"og:image:height\" content=\"1013\" \/>\n\t<meta property=\"og:image:type\" content=\"image\/png\" \/>\n<meta name=\"twitter:card\" content=\"summary_large_image\" \/>\n<meta name=\"twitter:label1\" content=\"Tahmini okuma s\u00fcresi\" \/>\n\t<meta name=\"twitter:data1\" content=\"1 dakika\" \/>\n<script type=\"application\/ld+json\" class=\"yoast-schema-graph\">{\"@context\":\"https:\/\/schema.org\",\"@graph\":[{\"@type\":\"WebPage\",\"@id\":\"https:\/\/www.atakakademi.com.tr\/index.php\/robotik-kodlama\/\",\"url\":\"https:\/\/www.atakakademi.com.tr\/index.php\/robotik-kodlama\/\",\"name\":\"Robotik Kodlama - Atak Akademi\",\"isPartOf\":{\"@id\":\"https:\/\/www.atakakademi.com.tr\/#website\"},\"primaryImageOfPage\":{\"@id\":\"https:\/\/www.atakakademi.com.tr\/index.php\/robotik-kodlama\/#primaryimage\"},\"image\":{\"@id\":\"https:\/\/www.atakakademi.com.tr\/index.php\/robotik-kodlama\/#primaryimage\"},\"thumbnailUrl\":\"https:\/\/www.atakakademi.com.tr\/wp-content\/uploads\/2024\/10\/legospike.png\",\"datePublished\":\"2024-10-14T21:05:13+00:00\",\"dateModified\":\"2024-10-14T21:52:44+00:00\",\"breadcrumb\":{\"@id\":\"https:\/\/www.atakakademi.com.tr\/index.php\/robotik-kodlama\/#breadcrumb\"},\"inLanguage\":\"tr\",\"potentialAction\":[{\"@type\":\"ReadAction\",\"target\":[\"https:\/\/www.atakakademi.com.tr\/index.php\/robotik-kodlama\/\"]}]},{\"@type\":\"ImageObject\",\"inLanguage\":\"tr\",\"@id\":\"https:\/\/www.atakakademi.com.tr\/index.php\/robotik-kodlama\/#primaryimage\",\"url\":\"https:\/\/www.atakakademi.com.tr\/wp-content\/uploads\/2024\/10\/legospike.png\",\"contentUrl\":\"https:\/\/www.atakakademi.com.tr\/wp-content\/uploads\/2024\/10\/legospike.png\",\"width\":1800,\"height\":1013},{\"@type\":\"BreadcrumbList\",\"@id\":\"https:\/\/www.atakakademi.com.tr\/index.php\/robotik-kodlama\/#breadcrumb\",\"itemListElement\":[{\"@type\":\"ListItem\",\"position\":1,\"name\":\"Anasayfa\",\"item\":\"https:\/\/www.atakakademi.com.tr\/\"},{\"@type\":\"ListItem\",\"position\":2,\"name\":\"Robotik Kodlama\"}]},{\"@type\":\"WebSite\",\"@id\":\"https:\/\/www.atakakademi.com.tr\/#website\",\"url\":\"https:\/\/www.atakakademi.com.tr\/\",\"name\":\"Atak Akademi\",\"description\":\"Mutlu &Ccedil;ocuklar Mutlu Gelecek\",\"publisher\":{\"@id\":\"https:\/\/www.atakakademi.com.tr\/#organization\"},\"potentialAction\":[{\"@type\":\"SearchAction\",\"target\":{\"@type\":\"EntryPoint\",\"urlTemplate\":\"https:\/\/www.atakakademi.com.tr\/?s={search_term_string}\"},\"query-input\":{\"@type\":\"PropertyValueSpecification\",\"valueRequired\":true,\"valueName\":\"search_term_string\"}}],\"inLanguage\":\"tr\"},{\"@type\":\"Organization\",\"@id\":\"https:\/\/www.atakakademi.com.tr\/#organization\",\"name\":\"Atak Akademi\",\"url\":\"https:\/\/www.atakakademi.com.tr\/\",\"logo\":{\"@type\":\"ImageObject\",\"inLanguage\":\"tr\",\"@id\":\"https:\/\/www.atakakademi.com.tr\/#\/schema\/logo\/image\/\",\"url\":\"https:\/\/www.atakakademi.com.tr\/wp-content\/uploads\/2024\/10\/cropped-atak-logo.jpg\",\"contentUrl\":\"https:\/\/www.atakakademi.com.tr\/wp-content\/uploads\/2024\/10\/cropped-atak-logo.jpg\",\"width\":215,\"height\":153,\"caption\":\"Atak Akademi\"},\"image\":{\"@id\":\"https:\/\/www.atakakademi.com.tr\/#\/schema\/logo\/image\/\"}}]}<\/script>\n<!-- \/ Yoast SEO plugin. -->","yoast_head_json":{"title":"Robotik Kodlama - Atak Akademi","robots":{"index":"index","follow":"follow","max-snippet":"max-snippet:-1","max-image-preview":"max-image-preview:large","max-video-preview":"max-video-preview:-1"},"canonical":"https:\/\/www.atakakademi.com.tr\/index.php\/robotik-kodlama\/","og_locale":"tr_TR","og_type":"article","og_title":"Robotik Kodlama - Atak Akademi","og_description":"Robotik kodlama at\u00f6lyesi,\u00a0\u00e7al\u0131\u015f\u0131r robot tasar\u0131mlar\u0131 i\u00e7in mant\u0131ksal d\u00fc\u015f\u00fcnme becerilerini harekete ge\u00e7irmekte ve analitik d\u00fc\u015f\u00fcnme becerilerinin kullan\u0131lmas\u0131na zemin haz\u0131rlamaktad\u0131r. Ayr\u0131ca y\u00f6n, &hellip;","og_url":"https:\/\/www.atakakademi.com.tr\/index.php\/robotik-kodlama\/","og_site_name":"Atak Akademi","article_modified_time":"2024-10-14T21:52:44+00:00","og_image":[{"width":1800,"height":1013,"url":"https:\/\/www.atakakademi.com.tr\/wp-content\/uploads\/2024\/10\/legospike.png","type":"image\/png"}],"twitter_card":"summary_large_image","twitter_misc":{"Tahmini okuma s\u00fcresi":"1 dakika"},"schema":{"@context":"https:\/\/schema.org","@graph":[{"@type":"WebPage","@id":"https:\/\/www.atakakademi.com.tr\/index.php\/robotik-kodlama\/","url":"https:\/\/www.atakakademi.com.tr\/index.php\/robotik-kodlama\/","name":"Robotik Kodlama - Atak Akademi","isPartOf":{"@id":"https:\/\/www.atakakademi.com.tr\/#website"},"primaryImageOfPage":{"@id":"https:\/\/www.atakakademi.com.tr\/index.php\/robotik-kodlama\/#primaryimage"},"image":{"@id":"https:\/\/www.atakakademi.com.tr\/index.php\/robotik-kodlama\/#primaryimage"},"thumbnailUrl":"https:\/\/www.atakakademi.com.tr\/wp-content\/uploads\/2024\/10\/legospike.png","datePublished":"2024-10-14T21:05:13+00:00","dateModified":"2024-10-14T21:52:44+00:00","breadcrumb":{"@id":"https:\/\/www.atakakademi.com.tr\/index.php\/robotik-kodlama\/#breadcrumb"},"inLanguage":"tr","potentialAction":[{"@type":"ReadAction","target":["https:\/\/www.atakakademi.com.tr\/index.php\/robotik-kodlama\/"]}]},{"@type":"ImageObject","inLanguage":"tr","@id":"https:\/\/www.atakakademi.com.tr\/index.php\/robotik-kodlama\/#primaryimage","url":"https:\/\/www.atakakademi.com.tr\/wp-content\/uploads\/2024\/10\/legospike.png","contentUrl":"https:\/\/www.atakakademi.com.tr\/wp-content\/uploads\/2024\/10\/legospike.png","width":1800,"height":1013},{"@type":"BreadcrumbList","@id":"https:\/\/www.atakakademi.com.tr\/index.php\/robotik-kodlama\/#breadcrumb","itemListElement":[{"@type":"ListItem","position":1,"name":"Anasayfa","item":"https:\/\/www.atakakademi.com.tr\/"},{"@type":"ListItem","position":2,"name":"Robotik Kodlama"}]},{"@type":"WebSite","@id":"https:\/\/www.atakakademi.com.tr\/#website","url":"https:\/\/www.atakakademi.com.tr\/","name":"Atak Akademi","description":"Mutlu &Ccedil;ocuklar Mutlu Gelecek","publisher":{"@id":"https:\/\/www.atakakademi.com.tr\/#organization"},"potentialAction":[{"@type":"SearchAction","target":{"@type":"EntryPoint","urlTemplate":"https:\/\/www.atakakademi.com.tr\/?s={search_term_string}"},"query-input":{"@type":"PropertyValueSpecification","valueRequired":true,"valueName":"search_term_string"}}],"inLanguage":"tr"},{"@type":"Organization","@id":"https:\/\/www.atakakademi.com.tr\/#organization","name":"Atak Akademi","url":"https:\/\/www.atakakademi.com.tr\/","logo":{"@type":"ImageObject","inLanguage":"tr","@id":"https:\/\/www.atakakademi.com.tr\/#\/schema\/logo\/image\/","url":"https:\/\/www.atakakademi.com.tr\/wp-content\/uploads\/2024\/10\/cropped-atak-logo.jpg","contentUrl":"https:\/\/www.atakakademi.com.tr\/wp-content\/uploads\/2024\/10\/cropped-atak-logo.jpg","width":215,"height":153,"caption":"Atak Akademi"},"image":{"@id":"https:\/\/www.atakakademi.com.tr\/#\/schema\/logo\/image\/"}}]}},"_links":{"self":[{"href":"https:\/\/www.atakakademi.com.tr\/index.php\/wp-json\/wp\/v2\/pages\/133"}],"collection":[{"href":"https:\/\/www.atakakademi.com.tr\/index.php\/wp-json\/wp\/v2\/pages"}],"about":[{"href":"https:\/\/www.atakakademi.com.tr\/index.php\/wp-json\/wp\/v2\/types\/page"}],"author":[{"embeddable":true,"href":"https:\/\/www.atakakademi.com.tr\/index.php\/wp-json\/wp\/v2\/users\/1"}],"replies":[{"embeddable":true,"href":"https:\/\/www.atakakademi.com.tr\/index.php\/wp-json\/wp\/v2\/comments?post=133"}],"version-history":[{"count":2,"href":"https:\/\/www.atakakademi.com.tr\/index.php\/wp-json\/wp\/v2\/pages\/133\/revisions"}],"predecessor-version":[{"id":153,"href":"https:\/\/www.atakakademi.com.tr\/index.php\/wp-json\/wp\/v2\/pages\/133\/revisions\/153"}],"wp:featuredmedia":[{"embeddable":true,"href":"https:\/\/www.atakakademi.com.tr\/index.php\/wp-json\/wp\/v2\/media\/151"}],"wp:attachment":[{"href":"https:\/\/www.atakakademi.com.tr\/index.php\/wp-json\/wp\/v2\/media?parent=133"}],"curies":[{"name":"wp","href":"https:\/\/api.w.org\/{rel}","templated":true}]}}