{"id":61,"date":"2024-09-23T19:21:14","date_gmt":"2024-09-23T19:21:14","guid":{"rendered":"http:\/\/www.atakakademi.com.tr\/?page_id=61"},"modified":"2024-10-14T21:43:29","modified_gmt":"2024-10-14T21:43:29","slug":"akil-oyunlari","status":"publish","type":"page","link":"https:\/\/www.atakakademi.com.tr\/index.php\/akil-oyunlari\/","title":{"rendered":"Ak\u0131l Oyunlar\u0131"},"content":{"rendered":"\n<p>\u00c7ocuklar\u0131 ak\u0131l ve zek\u00e2 oyunlar\u0131 ile tan\u0131\u015ft\u0131rarak ezberci yakla\u015f\u0131mdan uzak, strateji geli\u015ftirme, planlama, mant\u0131k y\u00fcr\u00fctme, s\u0131ra d\u0131\u015f\u0131 d\u00fc\u015f\u00fcnme becerilerini; s\u00f6zel ve mant\u0131ksal alg\u0131s\u0131n\u0131 geli\u015ftirme, odaklanma ve dikkat becerilerinin geli\u015fimine imk\u00e2n sunacakt\u0131r.<\/p>\n\n\n\n<p>Oyunlar ayn\u0131 zamanda, sab\u0131r, disiplin, karar verme, rekabet, yenilgi, liderlik gibi duygu davran\u0131\u015flar\u0131n\u0131 da geli\u015ftirecektir. \u00c7ocuklar oynarken \u00e7ok zevk alacaklar\u0131 at\u00f6lyemizde tak\u0131m \u00e7al\u0131\u015fmas\u0131 ile sosyalle\u015febilecekler.<\/p>\n\n\n\n<figure class=\"wp-block-image size-large is-resized\"><img loading=\"lazy\" decoding=\"async\" width=\"931\" height=\"1024\" src=\"https:\/\/www.atakakademi.com.tr\/wp-content\/uploads\/2024\/10\/pentago-931x1024.jpg\" alt=\"\" class=\"wp-image-144\" style=\"aspect-ratio:3\/2;object-fit:cover;width:840px;height:auto\" srcset=\"https:\/\/www.atakakademi.com.tr\/wp-content\/uploads\/2024\/10\/pentago-931x1024.jpg 931w, https:\/\/www.atakakademi.com.tr\/wp-content\/uploads\/2024\/10\/pentago-273x300.jpg 273w, https:\/\/www.atakakademi.com.tr\/wp-content\/uploads\/2024\/10\/pentago-768x845.jpg 768w, https:\/\/www.atakakademi.com.tr\/wp-content\/uploads\/2024\/10\/pentago.jpg 1300w\" sizes=\"(max-width: 931px) 100vw, 931px\" \/><\/figure>\n\n\n\n<figure class=\"wp-block-image size-large\"><img loading=\"lazy\" decoding=\"async\" width=\"1024\" height=\"576\" src=\"https:\/\/www.atakakademi.com.tr\/wp-content\/uploads\/2024\/10\/reversi-1024x576.jpg\" alt=\"\" class=\"wp-image-145\" style=\"aspect-ratio:1;object-fit:cover\" srcset=\"https:\/\/www.atakakademi.com.tr\/wp-content\/uploads\/2024\/10\/reversi-1024x576.jpg 1024w, https:\/\/www.atakakademi.com.tr\/wp-content\/uploads\/2024\/10\/reversi-300x169.jpg 300w, https:\/\/www.atakakademi.com.tr\/wp-content\/uploads\/2024\/10\/reversi-768x432.jpg 768w, https:\/\/www.atakakademi.com.tr\/wp-content\/uploads\/2024\/10\/reversi.jpg 1280w\" sizes=\"(max-width: 1024px) 100vw, 1024px\" \/><\/figure>\n","protected":false},"excerpt":{"rendered":"<p>\u00c7ocuklar\u0131 ak\u0131l ve zek\u00e2 oyunlar\u0131 ile tan\u0131\u015ft\u0131rarak ezberci yakla\u015f\u0131mdan uzak, strateji geli\u015ftirme, planlama, mant\u0131k y\u00fcr\u00fctme, s\u0131ra d\u0131\u015f\u0131 d\u00fc\u015f\u00fcnme becerilerini; s\u00f6zel &hellip; <\/p>\n","protected":false},"author":1,"featured_media":143,"parent":0,"menu_order":0,"comment_status":"closed","ping_status":"closed","template":"","meta":{"footnotes":""},"class_list":["post-61","page","type-page","status-publish","has-post-thumbnail","hentry"],"yoast_head":"<!-- This site is optimized with the Yoast SEO plugin v25.6 - https:\/\/yoast.com\/wordpress\/plugins\/seo\/ -->\n<title>Ak\u0131l Oyunlar\u0131 - Atak Akademi<\/title>\n<meta name=\"robots\" content=\"index, follow, max-snippet:-1, max-image-preview:large, max-video-preview:-1\" \/>\n<link rel=\"canonical\" href=\"https:\/\/www.atakakademi.com.tr\/index.php\/akil-oyunlari\/\" \/>\n<meta property=\"og:locale\" content=\"tr_TR\" \/>\n<meta property=\"og:type\" content=\"article\" \/>\n<meta property=\"og:title\" content=\"Ak\u0131l Oyunlar\u0131 - Atak Akademi\" \/>\n<meta property=\"og:description\" content=\"\u00c7ocuklar\u0131 ak\u0131l ve zek\u00e2 oyunlar\u0131 ile tan\u0131\u015ft\u0131rarak ezberci yakla\u015f\u0131mdan uzak, strateji geli\u015ftirme, planlama, mant\u0131k y\u00fcr\u00fctme, s\u0131ra d\u0131\u015f\u0131 d\u00fc\u015f\u00fcnme becerilerini; s\u00f6zel &hellip;\" \/>\n<meta property=\"og:url\" content=\"https:\/\/www.atakakademi.com.tr\/index.php\/akil-oyunlari\/\" \/>\n<meta property=\"og:site_name\" content=\"Atak Akademi\" \/>\n<meta property=\"article:modified_time\" content=\"2024-10-14T21:43:29+00:00\" \/>\n<meta property=\"og:image\" content=\"https:\/\/www.atakakademi.com.tr\/wp-content\/uploads\/2024\/10\/mangala.jpg\" \/>\n\t<meta property=\"og:image:width\" content=\"960\" \/>\n\t<meta property=\"og:image:height\" content=\"640\" \/>\n\t<meta property=\"og:image:type\" content=\"image\/jpeg\" \/>\n<meta name=\"twitter:card\" content=\"summary_large_image\" \/>\n<meta name=\"twitter:label1\" content=\"Tahmini okuma s\u00fcresi\" \/>\n\t<meta name=\"twitter:data1\" content=\"1 dakika\" \/>\n<script type=\"application\/ld+json\" class=\"yoast-schema-graph\">{\"@context\":\"https:\/\/schema.org\",\"@graph\":[{\"@type\":\"WebPage\",\"@id\":\"https:\/\/www.atakakademi.com.tr\/index.php\/akil-oyunlari\/\",\"url\":\"https:\/\/www.atakakademi.com.tr\/index.php\/akil-oyunlari\/\",\"name\":\"Ak\u0131l Oyunlar\u0131 - Atak Akademi\",\"isPartOf\":{\"@id\":\"https:\/\/www.atakakademi.com.tr\/#website\"},\"primaryImageOfPage\":{\"@id\":\"https:\/\/www.atakakademi.com.tr\/index.php\/akil-oyunlari\/#primaryimage\"},\"image\":{\"@id\":\"https:\/\/www.atakakademi.com.tr\/index.php\/akil-oyunlari\/#primaryimage\"},\"thumbnailUrl\":\"https:\/\/www.atakakademi.com.tr\/wp-content\/uploads\/2024\/10\/mangala.jpg\",\"datePublished\":\"2024-09-23T19:21:14+00:00\",\"dateModified\":\"2024-10-14T21:43:29+00:00\",\"breadcrumb\":{\"@id\":\"https:\/\/www.atakakademi.com.tr\/index.php\/akil-oyunlari\/#breadcrumb\"},\"inLanguage\":\"tr\",\"potentialAction\":[{\"@type\":\"ReadAction\",\"target\":[\"https:\/\/www.atakakademi.com.tr\/index.php\/akil-oyunlari\/\"]}]},{\"@type\":\"ImageObject\",\"inLanguage\":\"tr\",\"@id\":\"https:\/\/www.atakakademi.com.tr\/index.php\/akil-oyunlari\/#primaryimage\",\"url\":\"https:\/\/www.atakakademi.com.tr\/wp-content\/uploads\/2024\/10\/mangala.jpg\",\"contentUrl\":\"https:\/\/www.atakakademi.com.tr\/wp-content\/uploads\/2024\/10\/mangala.jpg\",\"width\":960,\"height\":640},{\"@type\":\"BreadcrumbList\",\"@id\":\"https:\/\/www.atakakademi.com.tr\/index.php\/akil-oyunlari\/#breadcrumb\",\"itemListElement\":[{\"@type\":\"ListItem\",\"position\":1,\"name\":\"Anasayfa\",\"item\":\"https:\/\/www.atakakademi.com.tr\/\"},{\"@type\":\"ListItem\",\"position\":2,\"name\":\"Ak\u0131l Oyunlar\u0131\"}]},{\"@type\":\"WebSite\",\"@id\":\"https:\/\/www.atakakademi.com.tr\/#website\",\"url\":\"https:\/\/www.atakakademi.com.tr\/\",\"name\":\"Atak Akademi\",\"description\":\"Mutlu &Ccedil;ocuklar Mutlu Gelecek\",\"publisher\":{\"@id\":\"https:\/\/www.atakakademi.com.tr\/#organization\"},\"potentialAction\":[{\"@type\":\"SearchAction\",\"target\":{\"@type\":\"EntryPoint\",\"urlTemplate\":\"https:\/\/www.atakakademi.com.tr\/?s={search_term_string}\"},\"query-input\":{\"@type\":\"PropertyValueSpecification\",\"valueRequired\":true,\"valueName\":\"search_term_string\"}}],\"inLanguage\":\"tr\"},{\"@type\":\"Organization\",\"@id\":\"https:\/\/www.atakakademi.com.tr\/#organization\",\"name\":\"Atak Akademi\",\"url\":\"https:\/\/www.atakakademi.com.tr\/\",\"logo\":{\"@type\":\"ImageObject\",\"inLanguage\":\"tr\",\"@id\":\"https:\/\/www.atakakademi.com.tr\/#\/schema\/logo\/image\/\",\"url\":\"https:\/\/www.atakakademi.com.tr\/wp-content\/uploads\/2024\/10\/cropped-atak-logo.jpg\",\"contentUrl\":\"https:\/\/www.atakakademi.com.tr\/wp-content\/uploads\/2024\/10\/cropped-atak-logo.jpg\",\"width\":215,\"height\":153,\"caption\":\"Atak Akademi\"},\"image\":{\"@id\":\"https:\/\/www.atakakademi.com.tr\/#\/schema\/logo\/image\/\"}}]}<\/script>\n<!-- \/ Yoast SEO plugin. -->","yoast_head_json":{"title":"Ak\u0131l Oyunlar\u0131 - Atak Akademi","robots":{"index":"index","follow":"follow","max-snippet":"max-snippet:-1","max-image-preview":"max-image-preview:large","max-video-preview":"max-video-preview:-1"},"canonical":"https:\/\/www.atakakademi.com.tr\/index.php\/akil-oyunlari\/","og_locale":"tr_TR","og_type":"article","og_title":"Ak\u0131l Oyunlar\u0131 - Atak Akademi","og_description":"\u00c7ocuklar\u0131 ak\u0131l ve zek\u00e2 oyunlar\u0131 ile tan\u0131\u015ft\u0131rarak ezberci yakla\u015f\u0131mdan uzak, strateji geli\u015ftirme, planlama, mant\u0131k y\u00fcr\u00fctme, s\u0131ra d\u0131\u015f\u0131 d\u00fc\u015f\u00fcnme becerilerini; s\u00f6zel &hellip;","og_url":"https:\/\/www.atakakademi.com.tr\/index.php\/akil-oyunlari\/","og_site_name":"Atak Akademi","article_modified_time":"2024-10-14T21:43:29+00:00","og_image":[{"width":960,"height":640,"url":"https:\/\/www.atakakademi.com.tr\/wp-content\/uploads\/2024\/10\/mangala.jpg","type":"image\/jpeg"}],"twitter_card":"summary_large_image","twitter_misc":{"Tahmini okuma s\u00fcresi":"1 dakika"},"schema":{"@context":"https:\/\/schema.org","@graph":[{"@type":"WebPage","@id":"https:\/\/www.atakakademi.com.tr\/index.php\/akil-oyunlari\/","url":"https:\/\/www.atakakademi.com.tr\/index.php\/akil-oyunlari\/","name":"Ak\u0131l Oyunlar\u0131 - Atak Akademi","isPartOf":{"@id":"https:\/\/www.atakakademi.com.tr\/#website"},"primaryImageOfPage":{"@id":"https:\/\/www.atakakademi.com.tr\/index.php\/akil-oyunlari\/#primaryimage"},"image":{"@id":"https:\/\/www.atakakademi.com.tr\/index.php\/akil-oyunlari\/#primaryimage"},"thumbnailUrl":"https:\/\/www.atakakademi.com.tr\/wp-content\/uploads\/2024\/10\/mangala.jpg","datePublished":"2024-09-23T19:21:14+00:00","dateModified":"2024-10-14T21:43:29+00:00","breadcrumb":{"@id":"https:\/\/www.atakakademi.com.tr\/index.php\/akil-oyunlari\/#breadcrumb"},"inLanguage":"tr","potentialAction":[{"@type":"ReadAction","target":["https:\/\/www.atakakademi.com.tr\/index.php\/akil-oyunlari\/"]}]},{"@type":"ImageObject","inLanguage":"tr","@id":"https:\/\/www.atakakademi.com.tr\/index.php\/akil-oyunlari\/#primaryimage","url":"https:\/\/www.atakakademi.com.tr\/wp-content\/uploads\/2024\/10\/mangala.jpg","contentUrl":"https:\/\/www.atakakademi.com.tr\/wp-content\/uploads\/2024\/10\/mangala.jpg","width":960,"height":640},{"@type":"BreadcrumbList","@id":"https:\/\/www.atakakademi.com.tr\/index.php\/akil-oyunlari\/#breadcrumb","itemListElement":[{"@type":"ListItem","position":1,"name":"Anasayfa","item":"https:\/\/www.atakakademi.com.tr\/"},{"@type":"ListItem","position":2,"name":"Ak\u0131l Oyunlar\u0131"}]},{"@type":"WebSite","@id":"https:\/\/www.atakakademi.com.tr\/#website","url":"https:\/\/www.atakakademi.com.tr\/","name":"Atak Akademi","description":"Mutlu &Ccedil;ocuklar Mutlu Gelecek","publisher":{"@id":"https:\/\/www.atakakademi.com.tr\/#organization"},"potentialAction":[{"@type":"SearchAction","target":{"@type":"EntryPoint","urlTemplate":"https:\/\/www.atakakademi.com.tr\/?s={search_term_string}"},"query-input":{"@type":"PropertyValueSpecification","valueRequired":true,"valueName":"search_term_string"}}],"inLanguage":"tr"},{"@type":"Organization","@id":"https:\/\/www.atakakademi.com.tr\/#organization","name":"Atak Akademi","url":"https:\/\/www.atakakademi.com.tr\/","logo":{"@type":"ImageObject","inLanguage":"tr","@id":"https:\/\/www.atakakademi.com.tr\/#\/schema\/logo\/image\/","url":"https:\/\/www.atakakademi.com.tr\/wp-content\/uploads\/2024\/10\/cropped-atak-logo.jpg","contentUrl":"https:\/\/www.atakakademi.com.tr\/wp-content\/uploads\/2024\/10\/cropped-atak-logo.jpg","width":215,"height":153,"caption":"Atak Akademi"},"image":{"@id":"https:\/\/www.atakakademi.com.tr\/#\/schema\/logo\/image\/"}}]}},"_links":{"self":[{"href":"https:\/\/www.atakakademi.com.tr\/index.php\/wp-json\/wp\/v2\/pages\/61"}],"collection":[{"href":"https:\/\/www.atakakademi.com.tr\/index.php\/wp-json\/wp\/v2\/pages"}],"about":[{"href":"https:\/\/www.atakakademi.com.tr\/index.php\/wp-json\/wp\/v2\/types\/page"}],"author":[{"embeddable":true,"href":"https:\/\/www.atakakademi.com.tr\/index.php\/wp-json\/wp\/v2\/users\/1"}],"replies":[{"embeddable":true,"href":"https:\/\/www.atakakademi.com.tr\/index.php\/wp-json\/wp\/v2\/comments?post=61"}],"version-history":[{"count":3,"href":"https:\/\/www.atakakademi.com.tr\/index.php\/wp-json\/wp\/v2\/pages\/61\/revisions"}],"predecessor-version":[{"id":146,"href":"https:\/\/www.atakakademi.com.tr\/index.php\/wp-json\/wp\/v2\/pages\/61\/revisions\/146"}],"wp:featuredmedia":[{"embeddable":true,"href":"https:\/\/www.atakakademi.com.tr\/index.php\/wp-json\/wp\/v2\/media\/143"}],"wp:attachment":[{"href":"https:\/\/www.atakakademi.com.tr\/index.php\/wp-json\/wp\/v2\/media?parent=61"}],"curies":[{"name":"wp","href":"https:\/\/api.w.org\/{rel}","templated":true}]}}