{"id":65,"date":"2024-09-23T19:21:51","date_gmt":"2024-09-23T19:21:51","guid":{"rendered":"http:\/\/www.atakakademi.com.tr\/?page_id=65"},"modified":"2024-10-14T21:20:25","modified_gmt":"2024-10-14T21:20:25","slug":"ahsap-isleri","status":"publish","type":"page","link":"https:\/\/www.atakakademi.com.tr\/index.php\/ahsap-isleri\/","title":{"rendered":"Ah\u015fap At\u00f6lyesi"},"content":{"rendered":"\n<p>\u00c7ocuklar, e\u011fitmenlerimiz e\u015fli\u011finde ham ah\u015fap kullanarak, boyama, z\u0131mparalama, yap\u0131\u015ft\u0131rma ve ah\u015fap tekniklerini at\u00f6lyemizde \u00f6\u011frenerek, ah\u015fab\u0131n do\u011fal dokusu ile kendi hayal ettikleri tasar\u0131mlar\u0131 yapabilecekler.<\/p>\n\n\n\n<p>Ah\u015fap At\u00f6lyesinde \u00e7ocuklar el-g\u00f6z koordinasyonunu geli\u015ftirirken, odaklanma, tak\u0131m \u00e7al\u0131\u015fmas\u0131 gibi olumlu davran\u0131\u015flar kazanacak ve par\u00e7adan b\u00fct\u00fcne giderek d\u00fc\u015f\u00fcnme becerilerini geli\u015ftirirler.<\/p>\n\n\n\n<figure class=\"wp-block-image size-full is-resized\"><img loading=\"lazy\" decoding=\"async\" width=\"615\" height=\"788\" src=\"https:\/\/www.atakakademi.com.tr\/wp-content\/uploads\/2024\/09\/image.png\" alt=\"\" class=\"wp-image-90\" style=\"aspect-ratio:1;object-fit:cover;width:840px;height:auto\" srcset=\"https:\/\/www.atakakademi.com.tr\/wp-content\/uploads\/2024\/09\/image.png 615w, https:\/\/www.atakakademi.com.tr\/wp-content\/uploads\/2024\/09\/image-234x300.png 234w\" sizes=\"(max-width: 615px) 100vw, 615px\" \/><\/figure>\n\n\n\n<p>.<\/p>\n\n\n\n<figure class=\"wp-block-image size-full\"><img loading=\"lazy\" decoding=\"async\" width=\"615\" height=\"780\" src=\"https:\/\/www.atakakademi.com.tr\/wp-content\/uploads\/2024\/09\/image-3.png\" alt=\"\" class=\"wp-image-94\" style=\"aspect-ratio:1;object-fit:cover\" srcset=\"https:\/\/www.atakakademi.com.tr\/wp-content\/uploads\/2024\/09\/image-3.png 615w, https:\/\/www.atakakademi.com.tr\/wp-content\/uploads\/2024\/09\/image-3-237x300.png 237w\" sizes=\"(max-width: 615px) 100vw, 615px\" \/><\/figure>\n\n\n\n<p><\/p>\n","protected":false},"excerpt":{"rendered":"<p>\u00c7ocuklar, e\u011fitmenlerimiz e\u015fli\u011finde ham ah\u015fap kullanarak, boyama, z\u0131mparalama, yap\u0131\u015ft\u0131rma ve ah\u015fap tekniklerini at\u00f6lyemizde \u00f6\u011frenerek, ah\u015fab\u0131n do\u011fal dokusu ile kendi hayal &hellip; <\/p>\n","protected":false},"author":1,"featured_media":91,"parent":0,"menu_order":0,"comment_status":"closed","ping_status":"closed","template":"","meta":{"footnotes":""},"class_list":["post-65","page","type-page","status-publish","has-post-thumbnail","hentry"],"yoast_head":"<!-- This site is optimized with the Yoast SEO plugin v25.6 - https:\/\/yoast.com\/wordpress\/plugins\/seo\/ -->\n<title>Ah\u015fap At\u00f6lyesi - Atak Akademi<\/title>\n<meta name=\"robots\" content=\"index, follow, max-snippet:-1, max-image-preview:large, max-video-preview:-1\" \/>\n<link rel=\"canonical\" href=\"https:\/\/www.atakakademi.com.tr\/index.php\/ahsap-isleri\/\" \/>\n<meta property=\"og:locale\" content=\"tr_TR\" \/>\n<meta property=\"og:type\" content=\"article\" \/>\n<meta property=\"og:title\" content=\"Ah\u015fap At\u00f6lyesi - Atak Akademi\" \/>\n<meta property=\"og:description\" content=\"\u00c7ocuklar, e\u011fitmenlerimiz e\u015fli\u011finde ham ah\u015fap kullanarak, boyama, z\u0131mparalama, yap\u0131\u015ft\u0131rma ve ah\u015fap tekniklerini at\u00f6lyemizde \u00f6\u011frenerek, ah\u015fab\u0131n do\u011fal dokusu ile kendi hayal &hellip;\" \/>\n<meta property=\"og:url\" content=\"https:\/\/www.atakakademi.com.tr\/index.php\/ahsap-isleri\/\" \/>\n<meta property=\"og:site_name\" content=\"Atak Akademi\" \/>\n<meta property=\"article:modified_time\" content=\"2024-10-14T21:20:25+00:00\" \/>\n<meta property=\"og:image\" content=\"https:\/\/www.atakakademi.com.tr\/wp-content\/uploads\/2024\/09\/image-1.png\" \/>\n\t<meta property=\"og:image:width\" content=\"1028\" \/>\n\t<meta property=\"og:image:height\" content=\"276\" \/>\n\t<meta property=\"og:image:type\" content=\"image\/png\" \/>\n<meta name=\"twitter:card\" content=\"summary_large_image\" \/>\n<meta name=\"twitter:label1\" content=\"Tahmini okuma s\u00fcresi\" \/>\n\t<meta name=\"twitter:data1\" content=\"1 dakika\" \/>\n<script type=\"application\/ld+json\" class=\"yoast-schema-graph\">{\"@context\":\"https:\/\/schema.org\",\"@graph\":[{\"@type\":\"WebPage\",\"@id\":\"https:\/\/www.atakakademi.com.tr\/index.php\/ahsap-isleri\/\",\"url\":\"https:\/\/www.atakakademi.com.tr\/index.php\/ahsap-isleri\/\",\"name\":\"Ah\u015fap At\u00f6lyesi - Atak Akademi\",\"isPartOf\":{\"@id\":\"https:\/\/www.atakakademi.com.tr\/#website\"},\"primaryImageOfPage\":{\"@id\":\"https:\/\/www.atakakademi.com.tr\/index.php\/ahsap-isleri\/#primaryimage\"},\"image\":{\"@id\":\"https:\/\/www.atakakademi.com.tr\/index.php\/ahsap-isleri\/#primaryimage\"},\"thumbnailUrl\":\"https:\/\/www.atakakademi.com.tr\/wp-content\/uploads\/2024\/09\/image-1.png\",\"datePublished\":\"2024-09-23T19:21:51+00:00\",\"dateModified\":\"2024-10-14T21:20:25+00:00\",\"breadcrumb\":{\"@id\":\"https:\/\/www.atakakademi.com.tr\/index.php\/ahsap-isleri\/#breadcrumb\"},\"inLanguage\":\"tr\",\"potentialAction\":[{\"@type\":\"ReadAction\",\"target\":[\"https:\/\/www.atakakademi.com.tr\/index.php\/ahsap-isleri\/\"]}]},{\"@type\":\"ImageObject\",\"inLanguage\":\"tr\",\"@id\":\"https:\/\/www.atakakademi.com.tr\/index.php\/ahsap-isleri\/#primaryimage\",\"url\":\"https:\/\/www.atakakademi.com.tr\/wp-content\/uploads\/2024\/09\/image-1.png\",\"contentUrl\":\"https:\/\/www.atakakademi.com.tr\/wp-content\/uploads\/2024\/09\/image-1.png\",\"width\":1028,\"height\":276},{\"@type\":\"BreadcrumbList\",\"@id\":\"https:\/\/www.atakakademi.com.tr\/index.php\/ahsap-isleri\/#breadcrumb\",\"itemListElement\":[{\"@type\":\"ListItem\",\"position\":1,\"name\":\"Anasayfa\",\"item\":\"https:\/\/www.atakakademi.com.tr\/\"},{\"@type\":\"ListItem\",\"position\":2,\"name\":\"Ah\u015fap At\u00f6lyesi\"}]},{\"@type\":\"WebSite\",\"@id\":\"https:\/\/www.atakakademi.com.tr\/#website\",\"url\":\"https:\/\/www.atakakademi.com.tr\/\",\"name\":\"Atak Akademi\",\"description\":\"Mutlu &Ccedil;ocuklar Mutlu Gelecek\",\"publisher\":{\"@id\":\"https:\/\/www.atakakademi.com.tr\/#organization\"},\"potentialAction\":[{\"@type\":\"SearchAction\",\"target\":{\"@type\":\"EntryPoint\",\"urlTemplate\":\"https:\/\/www.atakakademi.com.tr\/?s={search_term_string}\"},\"query-input\":{\"@type\":\"PropertyValueSpecification\",\"valueRequired\":true,\"valueName\":\"search_term_string\"}}],\"inLanguage\":\"tr\"},{\"@type\":\"Organization\",\"@id\":\"https:\/\/www.atakakademi.com.tr\/#organization\",\"name\":\"Atak Akademi\",\"url\":\"https:\/\/www.atakakademi.com.tr\/\",\"logo\":{\"@type\":\"ImageObject\",\"inLanguage\":\"tr\",\"@id\":\"https:\/\/www.atakakademi.com.tr\/#\/schema\/logo\/image\/\",\"url\":\"https:\/\/www.atakakademi.com.tr\/wp-content\/uploads\/2024\/10\/cropped-atak-logo.jpg\",\"contentUrl\":\"https:\/\/www.atakakademi.com.tr\/wp-content\/uploads\/2024\/10\/cropped-atak-logo.jpg\",\"width\":215,\"height\":153,\"caption\":\"Atak Akademi\"},\"image\":{\"@id\":\"https:\/\/www.atakakademi.com.tr\/#\/schema\/logo\/image\/\"}}]}<\/script>\n<!-- \/ Yoast SEO plugin. -->","yoast_head_json":{"title":"Ah\u015fap At\u00f6lyesi - Atak Akademi","robots":{"index":"index","follow":"follow","max-snippet":"max-snippet:-1","max-image-preview":"max-image-preview:large","max-video-preview":"max-video-preview:-1"},"canonical":"https:\/\/www.atakakademi.com.tr\/index.php\/ahsap-isleri\/","og_locale":"tr_TR","og_type":"article","og_title":"Ah\u015fap At\u00f6lyesi - Atak Akademi","og_description":"\u00c7ocuklar, e\u011fitmenlerimiz e\u015fli\u011finde ham ah\u015fap kullanarak, boyama, z\u0131mparalama, yap\u0131\u015ft\u0131rma ve ah\u015fap tekniklerini at\u00f6lyemizde \u00f6\u011frenerek, ah\u015fab\u0131n do\u011fal dokusu ile kendi hayal &hellip;","og_url":"https:\/\/www.atakakademi.com.tr\/index.php\/ahsap-isleri\/","og_site_name":"Atak Akademi","article_modified_time":"2024-10-14T21:20:25+00:00","og_image":[{"width":1028,"height":276,"url":"https:\/\/www.atakakademi.com.tr\/wp-content\/uploads\/2024\/09\/image-1.png","type":"image\/png"}],"twitter_card":"summary_large_image","twitter_misc":{"Tahmini okuma s\u00fcresi":"1 dakika"},"schema":{"@context":"https:\/\/schema.org","@graph":[{"@type":"WebPage","@id":"https:\/\/www.atakakademi.com.tr\/index.php\/ahsap-isleri\/","url":"https:\/\/www.atakakademi.com.tr\/index.php\/ahsap-isleri\/","name":"Ah\u015fap At\u00f6lyesi - Atak Akademi","isPartOf":{"@id":"https:\/\/www.atakakademi.com.tr\/#website"},"primaryImageOfPage":{"@id":"https:\/\/www.atakakademi.com.tr\/index.php\/ahsap-isleri\/#primaryimage"},"image":{"@id":"https:\/\/www.atakakademi.com.tr\/index.php\/ahsap-isleri\/#primaryimage"},"thumbnailUrl":"https:\/\/www.atakakademi.com.tr\/wp-content\/uploads\/2024\/09\/image-1.png","datePublished":"2024-09-23T19:21:51+00:00","dateModified":"2024-10-14T21:20:25+00:00","breadcrumb":{"@id":"https:\/\/www.atakakademi.com.tr\/index.php\/ahsap-isleri\/#breadcrumb"},"inLanguage":"tr","potentialAction":[{"@type":"ReadAction","target":["https:\/\/www.atakakademi.com.tr\/index.php\/ahsap-isleri\/"]}]},{"@type":"ImageObject","inLanguage":"tr","@id":"https:\/\/www.atakakademi.com.tr\/index.php\/ahsap-isleri\/#primaryimage","url":"https:\/\/www.atakakademi.com.tr\/wp-content\/uploads\/2024\/09\/image-1.png","contentUrl":"https:\/\/www.atakakademi.com.tr\/wp-content\/uploads\/2024\/09\/image-1.png","width":1028,"height":276},{"@type":"BreadcrumbList","@id":"https:\/\/www.atakakademi.com.tr\/index.php\/ahsap-isleri\/#breadcrumb","itemListElement":[{"@type":"ListItem","position":1,"name":"Anasayfa","item":"https:\/\/www.atakakademi.com.tr\/"},{"@type":"ListItem","position":2,"name":"Ah\u015fap At\u00f6lyesi"}]},{"@type":"WebSite","@id":"https:\/\/www.atakakademi.com.tr\/#website","url":"https:\/\/www.atakakademi.com.tr\/","name":"Atak Akademi","description":"Mutlu &Ccedil;ocuklar Mutlu Gelecek","publisher":{"@id":"https:\/\/www.atakakademi.com.tr\/#organization"},"potentialAction":[{"@type":"SearchAction","target":{"@type":"EntryPoint","urlTemplate":"https:\/\/www.atakakademi.com.tr\/?s={search_term_string}"},"query-input":{"@type":"PropertyValueSpecification","valueRequired":true,"valueName":"search_term_string"}}],"inLanguage":"tr"},{"@type":"Organization","@id":"https:\/\/www.atakakademi.com.tr\/#organization","name":"Atak Akademi","url":"https:\/\/www.atakakademi.com.tr\/","logo":{"@type":"ImageObject","inLanguage":"tr","@id":"https:\/\/www.atakakademi.com.tr\/#\/schema\/logo\/image\/","url":"https:\/\/www.atakakademi.com.tr\/wp-content\/uploads\/2024\/10\/cropped-atak-logo.jpg","contentUrl":"https:\/\/www.atakakademi.com.tr\/wp-content\/uploads\/2024\/10\/cropped-atak-logo.jpg","width":215,"height":153,"caption":"Atak Akademi"},"image":{"@id":"https:\/\/www.atakakademi.com.tr\/#\/schema\/logo\/image\/"}}]}},"_links":{"self":[{"href":"https:\/\/www.atakakademi.com.tr\/index.php\/wp-json\/wp\/v2\/pages\/65"}],"collection":[{"href":"https:\/\/www.atakakademi.com.tr\/index.php\/wp-json\/wp\/v2\/pages"}],"about":[{"href":"https:\/\/www.atakakademi.com.tr\/index.php\/wp-json\/wp\/v2\/types\/page"}],"author":[{"embeddable":true,"href":"https:\/\/www.atakakademi.com.tr\/index.php\/wp-json\/wp\/v2\/users\/1"}],"replies":[{"embeddable":true,"href":"https:\/\/www.atakakademi.com.tr\/index.php\/wp-json\/wp\/v2\/comments?post=65"}],"version-history":[{"count":6,"href":"https:\/\/www.atakakademi.com.tr\/index.php\/wp-json\/wp\/v2\/pages\/65\/revisions"}],"predecessor-version":[{"id":141,"href":"https:\/\/www.atakakademi.com.tr\/index.php\/wp-json\/wp\/v2\/pages\/65\/revisions\/141"}],"wp:featuredmedia":[{"embeddable":true,"href":"https:\/\/www.atakakademi.com.tr\/index.php\/wp-json\/wp\/v2\/media\/91"}],"wp:attachment":[{"href":"https:\/\/www.atakakademi.com.tr\/index.php\/wp-json\/wp\/v2\/media?parent=65"}],"curies":[{"name":"wp","href":"https:\/\/api.w.org\/{rel}","templated":true}]}}