{"id":74,"date":"2024-09-23T19:23:24","date_gmt":"2024-09-23T19:23:24","guid":{"rendered":"http:\/\/www.atakakademi.com.tr\/?page_id=74"},"modified":"2024-10-14T21:45:52","modified_gmt":"2024-10-14T21:45:52","slug":"drama","status":"publish","type":"page","link":"https:\/\/www.atakakademi.com.tr\/index.php\/drama\/","title":{"rendered":"Drama"},"content":{"rendered":"\n<p>\u00c7ocuklar\u0131 ezbercilikten uzakla\u015ft\u0131rarak, onlar\u0131n \u00f6\u011frenilecek konunun merkezine kendi istekleriyle \u00e7ekilmelerine olanak sa\u011flayan bir e\u011fitim ortam\u0131 ile \u00e7ocuklar\u0131n yaparak-ya\u015fayarak \u00f6\u011frenmelerine katk\u0131da bulunan drama at\u00f6lyemiz d\u00fc\u015f\u00fcnceleri eyleme d\u00f6n\u00fc\u015ft\u00fcrme merkezidir.<\/p>\n\n\n\n<p>\u00c7ocuklar\u0131n geli\u015fim alanlar\u0131n\u0131n her birinde olumlu etkileri olan drama, sundu\u011fu f\u0131rsatlar sayesinde \u00e7ocuklar\u0131n \u00f6zg\u00fcvenli, sosyal bireyler olmalar\u0131na; zor durumla ba\u015fa \u00e7\u0131kmalar\u0131 i\u00e7in \u00e7e\u015fitli yollar \u00fcretmelerine, do\u011fa\u00e7lama roller ile hayal g\u00fc\u00e7lerini geli\u015ftirmeye ve d\u00fcrt\u00fclerini kontrol etmelerine yard\u0131mc\u0131 olur.<\/p>\n\n\n\n<p>Drama at\u00f6lyemiz \u00e7ocuklara oyunlar yoluyla; dikkat, alg\u0131lama, dinleme, konu\u015fma, bedenini de kullanarak anlatma, birlikte davranabilme, empati kurma, g\u00fcven duygusu ve sosyalle\u015fme gibi al\u0131\u015fkanl\u0131klar\u0131 kazand\u0131rmay\u0131 hedefliyor.<\/p>\n\n\n\n<figure class=\"wp-block-image size-large\"><img loading=\"lazy\" decoding=\"async\" width=\"1024\" height=\"704\" src=\"https:\/\/www.atakakademi.com.tr\/wp-content\/uploads\/2024\/09\/image-10-1024x704.png\" alt=\"\" class=\"wp-image-109\" srcset=\"https:\/\/www.atakakademi.com.tr\/wp-content\/uploads\/2024\/09\/image-10-1024x704.png 1024w, https:\/\/www.atakakademi.com.tr\/wp-content\/uploads\/2024\/09\/image-10-300x206.png 300w, https:\/\/www.atakakademi.com.tr\/wp-content\/uploads\/2024\/09\/image-10-768x528.png 768w, https:\/\/www.atakakademi.com.tr\/wp-content\/uploads\/2024\/09\/image-10.png 1115w\" sizes=\"(max-width: 1024px) 100vw, 1024px\" \/><\/figure>\n","protected":false},"excerpt":{"rendered":"<p>\u00c7ocuklar\u0131 ezbercilikten uzakla\u015ft\u0131rarak, onlar\u0131n \u00f6\u011frenilecek konunun merkezine kendi istekleriyle \u00e7ekilmelerine olanak sa\u011flayan bir e\u011fitim ortam\u0131 ile \u00e7ocuklar\u0131n yaparak-ya\u015fayarak \u00f6\u011frenmelerine katk\u0131da &hellip; <\/p>\n","protected":false},"author":1,"featured_media":148,"parent":0,"menu_order":0,"comment_status":"closed","ping_status":"closed","template":"","meta":{"footnotes":""},"class_list":["post-74","page","type-page","status-publish","has-post-thumbnail","hentry"],"yoast_head":"<!-- This site is optimized with the Yoast SEO plugin v25.6 - https:\/\/yoast.com\/wordpress\/plugins\/seo\/ -->\n<title>Drama - Atak Akademi<\/title>\n<meta name=\"robots\" content=\"index, follow, max-snippet:-1, max-image-preview:large, max-video-preview:-1\" \/>\n<link rel=\"canonical\" href=\"https:\/\/www.atakakademi.com.tr\/index.php\/drama\/\" \/>\n<meta property=\"og:locale\" content=\"tr_TR\" \/>\n<meta property=\"og:type\" content=\"article\" \/>\n<meta property=\"og:title\" content=\"Drama - Atak Akademi\" \/>\n<meta property=\"og:description\" content=\"\u00c7ocuklar\u0131 ezbercilikten uzakla\u015ft\u0131rarak, onlar\u0131n \u00f6\u011frenilecek konunun merkezine kendi istekleriyle \u00e7ekilmelerine olanak sa\u011flayan bir e\u011fitim ortam\u0131 ile \u00e7ocuklar\u0131n yaparak-ya\u015fayarak \u00f6\u011frenmelerine katk\u0131da &hellip;\" \/>\n<meta property=\"og:url\" content=\"https:\/\/www.atakakademi.com.tr\/index.php\/drama\/\" \/>\n<meta property=\"og:site_name\" content=\"Atak Akademi\" \/>\n<meta property=\"article:modified_time\" content=\"2024-10-14T21:45:52+00:00\" \/>\n<meta property=\"og:image\" content=\"https:\/\/www.atakakademi.com.tr\/wp-content\/uploads\/2024\/10\/tiyatro.webp\" \/>\n\t<meta property=\"og:image:width\" content=\"600\" \/>\n\t<meta property=\"og:image:height\" content=\"361\" \/>\n\t<meta property=\"og:image:type\" content=\"image\/webp\" \/>\n<meta name=\"twitter:card\" content=\"summary_large_image\" \/>\n<meta name=\"twitter:label1\" content=\"Tahmini okuma s\u00fcresi\" \/>\n\t<meta name=\"twitter:data1\" content=\"1 dakika\" \/>\n<script type=\"application\/ld+json\" class=\"yoast-schema-graph\">{\"@context\":\"https:\/\/schema.org\",\"@graph\":[{\"@type\":\"WebPage\",\"@id\":\"https:\/\/www.atakakademi.com.tr\/index.php\/drama\/\",\"url\":\"https:\/\/www.atakakademi.com.tr\/index.php\/drama\/\",\"name\":\"Drama - Atak Akademi\",\"isPartOf\":{\"@id\":\"https:\/\/www.atakakademi.com.tr\/#website\"},\"primaryImageOfPage\":{\"@id\":\"https:\/\/www.atakakademi.com.tr\/index.php\/drama\/#primaryimage\"},\"image\":{\"@id\":\"https:\/\/www.atakakademi.com.tr\/index.php\/drama\/#primaryimage\"},\"thumbnailUrl\":\"https:\/\/www.atakakademi.com.tr\/wp-content\/uploads\/2024\/10\/tiyatro.webp\",\"datePublished\":\"2024-09-23T19:23:24+00:00\",\"dateModified\":\"2024-10-14T21:45:52+00:00\",\"breadcrumb\":{\"@id\":\"https:\/\/www.atakakademi.com.tr\/index.php\/drama\/#breadcrumb\"},\"inLanguage\":\"tr\",\"potentialAction\":[{\"@type\":\"ReadAction\",\"target\":[\"https:\/\/www.atakakademi.com.tr\/index.php\/drama\/\"]}]},{\"@type\":\"ImageObject\",\"inLanguage\":\"tr\",\"@id\":\"https:\/\/www.atakakademi.com.tr\/index.php\/drama\/#primaryimage\",\"url\":\"https:\/\/www.atakakademi.com.tr\/wp-content\/uploads\/2024\/10\/tiyatro.webp\",\"contentUrl\":\"https:\/\/www.atakakademi.com.tr\/wp-content\/uploads\/2024\/10\/tiyatro.webp\",\"width\":600,\"height\":361},{\"@type\":\"BreadcrumbList\",\"@id\":\"https:\/\/www.atakakademi.com.tr\/index.php\/drama\/#breadcrumb\",\"itemListElement\":[{\"@type\":\"ListItem\",\"position\":1,\"name\":\"Anasayfa\",\"item\":\"https:\/\/www.atakakademi.com.tr\/\"},{\"@type\":\"ListItem\",\"position\":2,\"name\":\"Drama\"}]},{\"@type\":\"WebSite\",\"@id\":\"https:\/\/www.atakakademi.com.tr\/#website\",\"url\":\"https:\/\/www.atakakademi.com.tr\/\",\"name\":\"Atak Akademi\",\"description\":\"Mutlu &Ccedil;ocuklar Mutlu Gelecek\",\"publisher\":{\"@id\":\"https:\/\/www.atakakademi.com.tr\/#organization\"},\"potentialAction\":[{\"@type\":\"SearchAction\",\"target\":{\"@type\":\"EntryPoint\",\"urlTemplate\":\"https:\/\/www.atakakademi.com.tr\/?s={search_term_string}\"},\"query-input\":{\"@type\":\"PropertyValueSpecification\",\"valueRequired\":true,\"valueName\":\"search_term_string\"}}],\"inLanguage\":\"tr\"},{\"@type\":\"Organization\",\"@id\":\"https:\/\/www.atakakademi.com.tr\/#organization\",\"name\":\"Atak Akademi\",\"url\":\"https:\/\/www.atakakademi.com.tr\/\",\"logo\":{\"@type\":\"ImageObject\",\"inLanguage\":\"tr\",\"@id\":\"https:\/\/www.atakakademi.com.tr\/#\/schema\/logo\/image\/\",\"url\":\"https:\/\/www.atakakademi.com.tr\/wp-content\/uploads\/2024\/10\/cropped-atak-logo.jpg\",\"contentUrl\":\"https:\/\/www.atakakademi.com.tr\/wp-content\/uploads\/2024\/10\/cropped-atak-logo.jpg\",\"width\":215,\"height\":153,\"caption\":\"Atak Akademi\"},\"image\":{\"@id\":\"https:\/\/www.atakakademi.com.tr\/#\/schema\/logo\/image\/\"}}]}<\/script>\n<!-- \/ Yoast SEO plugin. -->","yoast_head_json":{"title":"Drama - Atak Akademi","robots":{"index":"index","follow":"follow","max-snippet":"max-snippet:-1","max-image-preview":"max-image-preview:large","max-video-preview":"max-video-preview:-1"},"canonical":"https:\/\/www.atakakademi.com.tr\/index.php\/drama\/","og_locale":"tr_TR","og_type":"article","og_title":"Drama - Atak Akademi","og_description":"\u00c7ocuklar\u0131 ezbercilikten uzakla\u015ft\u0131rarak, onlar\u0131n \u00f6\u011frenilecek konunun merkezine kendi istekleriyle \u00e7ekilmelerine olanak sa\u011flayan bir e\u011fitim ortam\u0131 ile \u00e7ocuklar\u0131n yaparak-ya\u015fayarak \u00f6\u011frenmelerine katk\u0131da &hellip;","og_url":"https:\/\/www.atakakademi.com.tr\/index.php\/drama\/","og_site_name":"Atak Akademi","article_modified_time":"2024-10-14T21:45:52+00:00","og_image":[{"width":600,"height":361,"url":"https:\/\/www.atakakademi.com.tr\/wp-content\/uploads\/2024\/10\/tiyatro.webp","type":"image\/webp"}],"twitter_card":"summary_large_image","twitter_misc":{"Tahmini okuma s\u00fcresi":"1 dakika"},"schema":{"@context":"https:\/\/schema.org","@graph":[{"@type":"WebPage","@id":"https:\/\/www.atakakademi.com.tr\/index.php\/drama\/","url":"https:\/\/www.atakakademi.com.tr\/index.php\/drama\/","name":"Drama - Atak Akademi","isPartOf":{"@id":"https:\/\/www.atakakademi.com.tr\/#website"},"primaryImageOfPage":{"@id":"https:\/\/www.atakakademi.com.tr\/index.php\/drama\/#primaryimage"},"image":{"@id":"https:\/\/www.atakakademi.com.tr\/index.php\/drama\/#primaryimage"},"thumbnailUrl":"https:\/\/www.atakakademi.com.tr\/wp-content\/uploads\/2024\/10\/tiyatro.webp","datePublished":"2024-09-23T19:23:24+00:00","dateModified":"2024-10-14T21:45:52+00:00","breadcrumb":{"@id":"https:\/\/www.atakakademi.com.tr\/index.php\/drama\/#breadcrumb"},"inLanguage":"tr","potentialAction":[{"@type":"ReadAction","target":["https:\/\/www.atakakademi.com.tr\/index.php\/drama\/"]}]},{"@type":"ImageObject","inLanguage":"tr","@id":"https:\/\/www.atakakademi.com.tr\/index.php\/drama\/#primaryimage","url":"https:\/\/www.atakakademi.com.tr\/wp-content\/uploads\/2024\/10\/tiyatro.webp","contentUrl":"https:\/\/www.atakakademi.com.tr\/wp-content\/uploads\/2024\/10\/tiyatro.webp","width":600,"height":361},{"@type":"BreadcrumbList","@id":"https:\/\/www.atakakademi.com.tr\/index.php\/drama\/#breadcrumb","itemListElement":[{"@type":"ListItem","position":1,"name":"Anasayfa","item":"https:\/\/www.atakakademi.com.tr\/"},{"@type":"ListItem","position":2,"name":"Drama"}]},{"@type":"WebSite","@id":"https:\/\/www.atakakademi.com.tr\/#website","url":"https:\/\/www.atakakademi.com.tr\/","name":"Atak Akademi","description":"Mutlu &Ccedil;ocuklar Mutlu Gelecek","publisher":{"@id":"https:\/\/www.atakakademi.com.tr\/#organization"},"potentialAction":[{"@type":"SearchAction","target":{"@type":"EntryPoint","urlTemplate":"https:\/\/www.atakakademi.com.tr\/?s={search_term_string}"},"query-input":{"@type":"PropertyValueSpecification","valueRequired":true,"valueName":"search_term_string"}}],"inLanguage":"tr"},{"@type":"Organization","@id":"https:\/\/www.atakakademi.com.tr\/#organization","name":"Atak Akademi","url":"https:\/\/www.atakakademi.com.tr\/","logo":{"@type":"ImageObject","inLanguage":"tr","@id":"https:\/\/www.atakakademi.com.tr\/#\/schema\/logo\/image\/","url":"https:\/\/www.atakakademi.com.tr\/wp-content\/uploads\/2024\/10\/cropped-atak-logo.jpg","contentUrl":"https:\/\/www.atakakademi.com.tr\/wp-content\/uploads\/2024\/10\/cropped-atak-logo.jpg","width":215,"height":153,"caption":"Atak Akademi"},"image":{"@id":"https:\/\/www.atakakademi.com.tr\/#\/schema\/logo\/image\/"}}]}},"_links":{"self":[{"href":"https:\/\/www.atakakademi.com.tr\/index.php\/wp-json\/wp\/v2\/pages\/74"}],"collection":[{"href":"https:\/\/www.atakakademi.com.tr\/index.php\/wp-json\/wp\/v2\/pages"}],"about":[{"href":"https:\/\/www.atakakademi.com.tr\/index.php\/wp-json\/wp\/v2\/types\/page"}],"author":[{"embeddable":true,"href":"https:\/\/www.atakakademi.com.tr\/index.php\/wp-json\/wp\/v2\/users\/1"}],"replies":[{"embeddable":true,"href":"https:\/\/www.atakakademi.com.tr\/index.php\/wp-json\/wp\/v2\/comments?post=74"}],"version-history":[{"count":3,"href":"https:\/\/www.atakakademi.com.tr\/index.php\/wp-json\/wp\/v2\/pages\/74\/revisions"}],"predecessor-version":[{"id":149,"href":"https:\/\/www.atakakademi.com.tr\/index.php\/wp-json\/wp\/v2\/pages\/74\/revisions\/149"}],"wp:featuredmedia":[{"embeddable":true,"href":"https:\/\/www.atakakademi.com.tr\/index.php\/wp-json\/wp\/v2\/media\/148"}],"wp:attachment":[{"href":"https:\/\/www.atakakademi.com.tr\/index.php\/wp-json\/wp\/v2\/media?parent=74"}],"curies":[{"name":"wp","href":"https:\/\/api.w.org\/{rel}","templated":true}]}}